{"id":25,"date":"2021-07-31T06:15:29","date_gmt":"2021-07-31T04:15:29","guid":{"rendered":"http:\/\/sensoryroom.pl\/?page_id=25"},"modified":"2025-09-19T16:31:31","modified_gmt":"2025-09-19T14:31:31","slug":"godziny-otwarcia","status":"publish","type":"page","link":"https:\/\/sensoryroom.pl\/?page_id=25","title":{"rendered":"Godziny otwarcia i tygodniowy grafik"},"content":{"rendered":"\t\t<div data-elementor-type=\"wp-page\" data-elementor-id=\"25\" class=\"elementor elementor-25\">\n\t\t\t\t\t\t<section class=\"elementor-section elementor-top-section elementor-element elementor-element-ab6c6b9 elementor-section-boxed elementor-section-height-default elementor-section-height-default\" data-id=\"ab6c6b9\" data-element_type=\"section\" data-e-type=\"section\">\n\t\t\t\t\t\t<div class=\"elementor-container elementor-column-gap-default\">\n\t\t\t\t\t<div class=\"elementor-column elementor-col-100 elementor-top-column elementor-element elementor-element-c0bc97d\" data-id=\"c0bc97d\" data-element_type=\"column\" data-e-type=\"column\">\n\t\t\t<div class=\"elementor-widget-wrap elementor-element-populated\">\n\t\t\t\t\t\t<div class=\"elementor-element elementor-element-0157652 elementor-widget elementor-widget-spacer\" data-id=\"0157652\" data-element_type=\"widget\" data-e-type=\"widget\" data-widget_type=\"spacer.default\">\n\t\t\t\t<div class=\"elementor-widget-container\">\n\t\t\t\t\t\t\t<div class=\"elementor-spacer\">\n\t\t\t<div class=\"elementor-spacer-inner\"><\/div>\n\t\t<\/div>\n\t\t\t\t\t\t<\/div>\n\t\t\t\t<\/div>\n\t\t\t\t\t<\/div>\n\t\t<\/div>\n\t\t\t\t\t<\/div>\n\t\t<\/section>\n\t\t\t\t<section class=\"elementor-section elementor-top-section elementor-element elementor-element-07121da elementor-section-boxed elementor-section-height-default elementor-section-height-default\" data-id=\"07121da\" data-element_type=\"section\" data-e-type=\"section\">\n\t\t\t\t\t\t<div class=\"elementor-container elementor-column-gap-default\">\n\t\t\t\t\t<div class=\"elementor-column elementor-col-100 elementor-top-column elementor-element elementor-element-3aa3639\" data-id=\"3aa3639\" data-element_type=\"column\" data-e-type=\"column\">\n\t\t\t<div class=\"elementor-widget-wrap elementor-element-populated\">\n\t\t\t\t\t\t<div class=\"elementor-element elementor-element-6d5d7c0 elementor-widget elementor-widget-image\" data-id=\"6d5d7c0\" data-element_type=\"widget\" data-e-type=\"widget\" data-widget_type=\"image.default\">\n\t\t\t\t<div class=\"elementor-widget-container\">\n\t\t\t\t\t\t\t\t\t\t\t\t\t\t\t\t<a href=\"https:\/\/sensoryroom.pl\/wp-content\/uploads\/2025\/09\/Grafik-Sali-Zabaw-SR.jpg\" data-elementor-open-lightbox=\"yes\" data-elementor-lightbox-title=\"Grafik Sali Zabaw SR\" data-elementor-lightbox-description=\"Grafik Sali Zabaw Sensory Room w Olsztynie, godziny otwarcia\" data-e-action-hash=\"#elementor-action%3Aaction%3Dlightbox%26settings%3DeyJpZCI6MjM3MSwidXJsIjoiaHR0cHM6XC9cL3NlbnNvcnlyb29tLnBsXC93cC1jb250ZW50XC91cGxvYWRzXC8yMDI1XC8wOVwvR3JhZmlrLVNhbGktWmFiYXctU1IuanBnIn0%3D\">\n\t\t\t\t\t\t\t<img fetchpriority=\"high\" decoding=\"async\" width=\"1920\" height=\"1080\" src=\"https:\/\/sensoryroom.pl\/wp-content\/uploads\/2025\/09\/Grafik-Sali-Zabaw-SR.jpg\" class=\"attachment-full size-full wp-image-2371\" alt=\"Grafik Sali Zabaw Sensory Room w Olsztynie, godziny otwarcia\" srcset=\"https:\/\/sensoryroom.pl\/wp-content\/uploads\/2025\/09\/Grafik-Sali-Zabaw-SR.jpg 1920w, https:\/\/sensoryroom.pl\/wp-content\/uploads\/2025\/09\/Grafik-Sali-Zabaw-SR-300x169.jpg 300w, https:\/\/sensoryroom.pl\/wp-content\/uploads\/2025\/09\/Grafik-Sali-Zabaw-SR-1024x576.jpg 1024w, https:\/\/sensoryroom.pl\/wp-content\/uploads\/2025\/09\/Grafik-Sali-Zabaw-SR-768x432.jpg 768w, https:\/\/sensoryroom.pl\/wp-content\/uploads\/2025\/09\/Grafik-Sali-Zabaw-SR-1536x864.jpg 1536w\" sizes=\"(max-width: 1920px) 100vw, 1920px\" \/>\t\t\t\t\t\t\t\t<\/a>\n\t\t\t\t\t\t\t\t\t\t\t\t\t\t\t<\/div>\n\t\t\t\t<\/div>\n\t\t\t\t\t<\/div>\n\t\t<\/div>\n\t\t\t\t\t<\/div>\n\t\t<\/section>\n\t\t\t\t<section class=\"elementor-section elementor-top-section elementor-element elementor-element-9072c61 elementor-section-boxed elementor-section-height-default elementor-section-height-default\" data-id=\"9072c61\" data-element_type=\"section\" data-e-type=\"section\">\n\t\t\t\t\t\t<div class=\"elementor-container elementor-column-gap-default\">\n\t\t\t\t\t<div class=\"elementor-column elementor-col-100 elementor-top-column elementor-element elementor-element-7f7c2db\" data-id=\"7f7c2db\" data-element_type=\"column\" data-e-type=\"column\">\n\t\t\t<div class=\"elementor-widget-wrap elementor-element-populated\">\n\t\t\t\t\t\t<div class=\"elementor-element elementor-element-15ccb4a elementor-widget elementor-widget-text-editor\" data-id=\"15ccb4a\" data-element_type=\"widget\" data-e-type=\"widget\" data-widget_type=\"text-editor.default\">\n\t\t\t\t<div class=\"elementor-widget-container\">\n\t\t\t\t\t\t\t\t\t<div dir=\"auto\" style=\"text-align: center;\"><div style=\"text-align: start; color: #7a7a7a; font-family: Roboto, sans-serif;\"><div dir=\"auto\" style=\"text-align: left;\"><span style=\"color: var(--e-global-color-text);\">\u00a0<\/span><\/div><div dir=\"auto\" style=\"text-align: center;\"><span style=\"color: var(--e-global-color-text);\">Dzieci w wieku przedszkolnym, \u017c\u0142obkowym oraz m\u0142odsze wraz z opiekunami zapraszamy do nas 6 dni w tygodniu bez rezerwacji\u00a0\u00a0<img decoding=\"async\" src=\"https:\/\/ci5.googleusercontent.com\/proxy\/8RbedkJDZWvNE0aG40qm8ekDLfjM3OPTGP40NiHmC45FqqS2DSPfn3xixwiNXLkIZL2Ttq6ccxNujk5OHfjCVkcS4DvurWFThIUR2AyGIDjG9U_jlg=s0-d-e1-ft#https:\/\/static.xx.fbcdn.net\/images\/emoji.php\/v9\/tfc\/1\/16\/1f7e2.png\" alt=\"\ud83d\udfe2\" width=\"16\" height=\"16\" data-bit=\"iit\" \/><img decoding=\"async\" src=\"https:\/\/ci3.googleusercontent.com\/proxy\/ueC6VWJi8HxP7btTNI3SGmBYZ6lSilHhZaL7HGJQbXj2sTacWOyT8FwA_XbaUGNYCzn79PbA7iFWMGSUryFfOSI6jCtENGqE6Mz8yIUTj4a_pZqvVg=s0-d-e1-ft#https:\/\/static.xx.fbcdn.net\/images\/emoji.php\/v9\/t7b\/1\/16\/1f7e1.png\" alt=\"\ud83d\udfe1\" width=\"16\" height=\"16\" data-bit=\"iit\" \/><img loading=\"lazy\" decoding=\"async\" src=\"https:\/\/ci3.googleusercontent.com\/proxy\/ApBjE0L9ZYLyxLMBFM8TVmAUpOruQzJrNwwAzvl3sQZXnwAcEmoA8a-om_PC47xBImgnMb53mHO3WjWJYBBE-3Hy5zVb42aMbqUEmsD4be69THFpGQ=s0-d-e1-ft#https:\/\/static.xx.fbcdn.net\/images\/emoji.php\/v9\/tef\/1\/16\/1f535.png\" alt=\"\ud83d\udd35\" width=\"16\" height=\"16\" data-bit=\"iit\" \/><img loading=\"lazy\" decoding=\"async\" src=\"https:\/\/ci4.googleusercontent.com\/proxy\/sy8v3P0C_qc3k34mB98zKGwCwfG5QoQQMrs5YWahBbRA2xwHSB74Qpk_7Pgk1UGvwGc3LIiQ9QfjMs_EXcIMT_vRV81mAGotroZjcOZt9OGe03HEXw=s0-d-e1-ft#https:\/\/static.xx.fbcdn.net\/images\/emoji.php\/v9\/tfa\/1\/16\/1f7e0.png\" alt=\"\ud83d\udfe0\" width=\"16\" height=\"16\" data-bit=\"iit\" \/><\/span><\/div><div dir=\"auto\" style=\"text-align: center;\"><span style=\"color: var(--e-global-color-text);\">\u00a0<\/span><\/div><div dir=\"auto\" style=\"text-align: left;\"><span style=\"color: #0000ff;\"><a style=\"color: #0000ff;\" href=\"https:\/\/sensoryroom.pl\/?page_id=231\">Sprawd\u017a TU ofert\u0119 urodzinow\u0105.<\/a><\/span><\/div><div dir=\"auto\">\u00a0<\/div><div dir=\"auto\"><span style=\"color: #0000ff;\"><a style=\"color: #0000ff;\" href=\"https:\/\/sensoryroom.pl\/?page_id=966\">Sprawd\u017a TU ofert\u0119 dla grup na wy\u0142\u0105czno\u015b\u0107.<\/a><\/span><\/div><\/div><div style=\"color: #222222; font-family: Arial, Helvetica, sans-serif; font-size: small; text-align: start;\"><div dir=\"auto\"><div style=\"text-align: center;\"><div style=\"color: #7a7a7a; font-family: Roboto, sans-serif; font-size: 16px;\">\u00a0<\/div><\/div><\/div><\/div><div style=\"color: #7a7a7a; font-family: Roboto, sans-serif;\"><div dir=\"auto\">Do\u015bwiadczaj \u015bwiata wszystkimi zmys\u0142ami!\u00a0<img loading=\"lazy\" decoding=\"async\" src=\"https:\/\/ci6.googleusercontent.com\/proxy\/CLOFKzfwuXUHqukJXDU5sG6QAXjnJ63-h8vngrtICyt8k3XXIGaN_rQa4P9BrPDmlczybzHu8TZ9gGLpAcArNh9OwZGhLHO5DqUpcJH16yaY1IfeCw=s0-d-e1-ft#https:\/\/static.xx.fbcdn.net\/images\/emoji.php\/v9\/te1\/1\/16\/1f91a.png\" alt=\"\ud83e\udd1a\" width=\"16\" height=\"16\" data-bit=\"iit\" \/><img loading=\"lazy\" decoding=\"async\" src=\"https:\/\/ci6.googleusercontent.com\/proxy\/QgeHXya-D0r0eN1obiN0IUfh7Lg11JTBXsBgcT74GQH18HG6DA_YleHpMbzxuw65Mkqj_7F9YeQopX0ZtEh0TK8R9Ch7lcEG9Blmqp05DyUKfOQ9xA=s0-d-e1-ft#https:\/\/static.xx.fbcdn.net\/images\/emoji.php\/v9\/t49\/1\/16\/1f441.png\" alt=\"\ud83d\udc41\" width=\"16\" height=\"16\" data-bit=\"iit\" \/><img loading=\"lazy\" decoding=\"async\" src=\"https:\/\/ci5.googleusercontent.com\/proxy\/Q3JOWYqEwh9CuD-qdpFJFuK07HnmP5RtLxiriRpNLw9wH_WxycTVidMgVqgAR0spPqgpNVDq10QFES8JQXDMC0ZPZf6kMN2x3mwh6PvOs13z9qEycA=s0-d-e1-ft#https:\/\/static.xx.fbcdn.net\/images\/emoji.php\/v9\/t4b\/1\/16\/1f443.png\" alt=\"\ud83d\udc43\" width=\"16\" height=\"16\" data-bit=\"iit\" \/><img loading=\"lazy\" decoding=\"async\" src=\"https:\/\/ci6.googleusercontent.com\/proxy\/w3gbfMz1jDOBk3Rt9EE977S6hk1YteoZIpa9kW6Niy7jgVyfqKSmxwRzM-3mlqgc57_RDSk95KCTtvjmQTuVEIYCWQBgJyo4JQjdjdHvpO0rm3Dmzg=s0-d-e1-ft#https:\/\/static.xx.fbcdn.net\/images\/emoji.php\/v9\/tca\/1\/16\/1f442.png\" alt=\"\ud83d\udc42\" width=\"16\" height=\"16\" data-bit=\"iit\" \/><\/div><\/div><\/div>\t\t\t\t\t\t\t\t<\/div>\n\t\t\t\t<\/div>\n\t\t\t\t\t<\/div>\n\t\t<\/div>\n\t\t\t\t\t<\/div>\n\t\t<\/section>\n\t\t\t\t<section class=\"elementor-section elementor-top-section elementor-element elementor-element-602a065 elementor-section-boxed elementor-section-height-default elementor-section-height-default\" data-id=\"602a065\" data-element_type=\"section\" data-e-type=\"section\">\n\t\t\t\t\t\t<div class=\"elementor-container elementor-column-gap-default\">\n\t\t\t\t\t<div class=\"elementor-column elementor-col-100 elementor-top-column elementor-element elementor-element-b84d1fc\" data-id=\"b84d1fc\" data-element_type=\"column\" data-e-type=\"column\">\n\t\t\t<div class=\"elementor-widget-wrap elementor-element-populated\">\n\t\t\t\t\t\t<div class=\"elementor-element elementor-element-ffe1548 elementor-widget-divider--separator-type-pattern elementor-widget-divider--no-spacing elementor-widget-divider--view-line elementor-widget elementor-widget-divider\" data-id=\"ffe1548\" data-element_type=\"widget\" data-e-type=\"widget\" data-widget_type=\"divider.default\">\n\t\t\t\t<div class=\"elementor-widget-container\">\n\t\t\t\t\t\t\t<div class=\"elementor-divider\" style=\"--divider-pattern-url: url(&quot;data:image\/svg+xml,%3Csvg xmlns=&#039;http:\/\/www.w3.org\/2000\/svg&#039; preserveAspectRatio=&#039;xMidYMid meet&#039; overflow=&#039;visible&#039; height=&#039;100%&#039; viewBox=&#039;0 0 126 26&#039; fill=&#039;black&#039; stroke=&#039;none&#039;%3E%3Cpath d=&#039;M3,10.2c2.6,0,2.6,2,2.6,3.2S4.4,16.5,3,16.5s-3-1.4-3-3.2S0.4,10.2,3,10.2z M18.8,10.2c1.7,0,3.2,1.4,3.2,3.2s-1.4,3.2-3.2,3.2c-1.7,0-3.2-1.4-3.2-3.2S17,10.2,18.8,10.2z M34.6,10.2c1.5,0,2.6,1.4,2.6,3.2s-0.5,3.2-1.9,3.2c-1.5,0-3.4-1.4-3.4-3.2S33.1,10.2,34.6,10.2z M50.5,10.2c1.7,0,3.2,1.4,3.2,3.2s-1.4,3.2-3.2,3.2c-1.7,0-3.3-0.9-3.3-2.6S48.7,10.2,50.5,10.2z M66.2,10.2c1.5,0,3.4,1.4,3.4,3.2s-1.9,3.2-3.4,3.2c-1.5,0-2.6-0.4-2.6-2.1S64.8,10.2,66.2,10.2z M82.2,10.2c1.7,0.8,2.6,1.4,2.6,3.2s-0.1,3.2-1.6,3.2c-1.5,0-3.7-1.4-3.7-3.2S80.5,9.4,82.2,10.2zM98.6,10.2c1.5,0,2.6,0.4,2.6,2.1s-1.2,4.2-2.6,4.2c-1.5,0-3.7-0.4-3.7-2.1S97.1,10.2,98.6,10.2z M113.4,10.2c1.2,0,2.2,0.9,2.2,3.2s-0.1,3.2-1.3,3.2s-3.1-1.4-3.1-3.2S112.2,10.2,113.4,10.2z&#039;\/%3E%3C\/svg%3E&quot;);\">\n\t\t\t<span class=\"elementor-divider-separator\">\n\t\t\t\t\t\t<\/span>\n\t\t<\/div>\n\t\t\t\t\t\t<\/div>\n\t\t\t\t<\/div>\n\t\t\t\t\t<\/div>\n\t\t<\/div>\n\t\t\t\t\t<\/div>\n\t\t<\/section>\n\t\t\t\t<section class=\"elementor-section elementor-top-section elementor-element elementor-element-1ecbb03 elementor-section-boxed elementor-section-height-default elementor-section-height-default\" data-id=\"1ecbb03\" data-element_type=\"section\" data-e-type=\"section\">\n\t\t\t\t\t\t<div class=\"elementor-container elementor-column-gap-default\">\n\t\t\t\t\t<div class=\"elementor-column elementor-col-50 elementor-top-column elementor-element elementor-element-e2feec3\" data-id=\"e2feec3\" data-element_type=\"column\" data-e-type=\"column\">\n\t\t\t<div class=\"elementor-widget-wrap elementor-element-populated\">\n\t\t\t\t\t\t<div class=\"elementor-element elementor-element-a28ba0b elementor-widget elementor-widget-text-editor\" data-id=\"a28ba0b\" data-element_type=\"widget\" data-e-type=\"widget\" data-widget_type=\"text-editor.default\">\n\t\t\t\t<div class=\"elementor-widget-container\">\n\t\t\t\t\t\t\t\t\t<h2><span style=\"color: #339966;\"><strong>SENSORY ROOM\u00a0 &#8211; KRAINA ZABAW MALUCHA<\/strong><\/span><\/h2><h2><span style=\"font-size: 24px;\">Centrum H&amp;B<\/span><\/h2><h3>ul. Wilczy\u0144skiego 25 E<\/h3><h3><span style=\"color: #339966;\"><strong>Tel:<\/strong><\/span>\u00a0500 001 900 (w godzinach otwarcia)<\/h3><h3><span style=\"color: #339966;\"><strong>Email:<\/strong><\/span>\u00a0biuro@sensoryroom.pl<\/h3>\t\t\t\t\t\t\t\t<\/div>\n\t\t\t\t<\/div>\n\t\t\t\t<div class=\"elementor-element elementor-element-24b4f2c elementor-widget-divider--separator-type-pattern elementor-widget-divider--no-spacing elementor-widget-divider--view-line elementor-widget elementor-widget-divider\" data-id=\"24b4f2c\" data-element_type=\"widget\" data-e-type=\"widget\" data-widget_type=\"divider.default\">\n\t\t\t\t<div class=\"elementor-widget-container\">\n\t\t\t\t\t\t\t<div class=\"elementor-divider\" style=\"--divider-pattern-url: url(&quot;data:image\/svg+xml,%3Csvg xmlns=&#039;http:\/\/www.w3.org\/2000\/svg&#039; preserveAspectRatio=&#039;xMidYMid meet&#039; overflow=&#039;visible&#039; height=&#039;100%&#039; viewBox=&#039;0 0 126 26&#039; fill=&#039;black&#039; stroke=&#039;none&#039;%3E%3Cpath d=&#039;M3,10.2c2.6,0,2.6,2,2.6,3.2S4.4,16.5,3,16.5s-3-1.4-3-3.2S0.4,10.2,3,10.2z M18.8,10.2c1.7,0,3.2,1.4,3.2,3.2s-1.4,3.2-3.2,3.2c-1.7,0-3.2-1.4-3.2-3.2S17,10.2,18.8,10.2z M34.6,10.2c1.5,0,2.6,1.4,2.6,3.2s-0.5,3.2-1.9,3.2c-1.5,0-3.4-1.4-3.4-3.2S33.1,10.2,34.6,10.2z M50.5,10.2c1.7,0,3.2,1.4,3.2,3.2s-1.4,3.2-3.2,3.2c-1.7,0-3.3-0.9-3.3-2.6S48.7,10.2,50.5,10.2z M66.2,10.2c1.5,0,3.4,1.4,3.4,3.2s-1.9,3.2-3.4,3.2c-1.5,0-2.6-0.4-2.6-2.1S64.8,10.2,66.2,10.2z M82.2,10.2c1.7,0.8,2.6,1.4,2.6,3.2s-0.1,3.2-1.6,3.2c-1.5,0-3.7-1.4-3.7-3.2S80.5,9.4,82.2,10.2zM98.6,10.2c1.5,0,2.6,0.4,2.6,2.1s-1.2,4.2-2.6,4.2c-1.5,0-3.7-0.4-3.7-2.1S97.1,10.2,98.6,10.2z M113.4,10.2c1.2,0,2.2,0.9,2.2,3.2s-0.1,3.2-1.3,3.2s-3.1-1.4-3.1-3.2S112.2,10.2,113.4,10.2z&#039;\/%3E%3C\/svg%3E&quot;);\">\n\t\t\t<span class=\"elementor-divider-separator\">\n\t\t\t\t\t\t<\/span>\n\t\t<\/div>\n\t\t\t\t\t\t<\/div>\n\t\t\t\t<\/div>\n\t\t\t\t\t<\/div>\n\t\t<\/div>\n\t\t\t\t<div class=\"elementor-column elementor-col-50 elementor-top-column elementor-element elementor-element-30d28b6\" data-id=\"30d28b6\" data-element_type=\"column\" data-e-type=\"column\">\n\t\t\t<div class=\"elementor-widget-wrap elementor-element-populated\">\n\t\t\t\t\t\t<div class=\"elementor-element elementor-element-2b71007 elementor-widget elementor-widget-google_maps\" data-id=\"2b71007\" data-element_type=\"widget\" data-e-type=\"widget\" data-widget_type=\"google_maps.default\">\n\t\t\t\t<div class=\"elementor-widget-container\">\n\t\t\t\t\t\t\t<div class=\"elementor-custom-embed\">\n\t\t\t<iframe loading=\"lazy\"\n\t\t\t\t\tsrc=\"https:\/\/maps.google.com\/maps?q=SENSORY%20ROOM%20OLSZTYN&#038;t=m&#038;z=14&#038;output=embed&#038;iwloc=near\"\n\t\t\t\t\ttitle=\"SENSORY ROOM OLSZTYN\"\n\t\t\t\t\taria-label=\"SENSORY ROOM OLSZTYN\"\n\t\t\t><\/iframe>\n\t\t<\/div>\n\t\t\t\t\t\t<\/div>\n\t\t\t\t<\/div>\n\t\t\t\t\t<\/div>\n\t\t<\/div>\n\t\t\t\t\t<\/div>\n\t\t<\/section>\n\t\t\t\t<\/div>\n\t\t","protected":false},"excerpt":{"rendered":"<p>\u00a0Dzieci w wieku przedszkolnym, \u017c\u0142obkowym oraz m\u0142odsze wraz z opiekunami zapraszamy do nas 6 dni w tygodniu bez rezerwacji\u00a0\u00a0\u00a0Sprawd\u017a TU ofert\u0119 urodzinow\u0105.\u00a0Sprawd\u017a TU ofert\u0119 dla grup na wy\u0142\u0105czno\u015b\u0107.\u00a0Do\u015bwiadczaj \u015bwiata wszystkimi zmys\u0142ami!\u00a0 SENSORY ROOM\u00a0 &#8211; KRAINA ZABAW MALUCHA Centrum H&amp;B ul. Wilczy\u0144skiego 25 E Tel:\u00a0500 001 900 (w godzinach otwarcia) Email:\u00a0biuro@sensoryroom.pl<\/p>\n","protected":false},"author":1,"featured_media":0,"parent":0,"menu_order":0,"comment_status":"closed","ping_status":"closed","template":"","meta":{"_editorskit_title_hidden":false,"_editorskit_reading_time":1,"_editorskit_is_block_options_detached":false,"_editorskit_block_options_position":"{}","footnotes":""},"class_list":["post-25","page","type-page","status-publish","hentry"],"_links":{"self":[{"href":"https:\/\/sensoryroom.pl\/index.php?rest_route=\/wp\/v2\/pages\/25","targetHints":{"allow":["GET"]}}],"collection":[{"href":"https:\/\/sensoryroom.pl\/index.php?rest_route=\/wp\/v2\/pages"}],"about":[{"href":"https:\/\/sensoryroom.pl\/index.php?rest_route=\/wp\/v2\/types\/page"}],"author":[{"embeddable":true,"href":"https:\/\/sensoryroom.pl\/index.php?rest_route=\/wp\/v2\/users\/1"}],"replies":[{"embeddable":true,"href":"https:\/\/sensoryroom.pl\/index.php?rest_route=%2Fwp%2Fv2%2Fcomments&post=25"}],"version-history":[{"count":193,"href":"https:\/\/sensoryroom.pl\/index.php?rest_route=\/wp\/v2\/pages\/25\/revisions"}],"predecessor-version":[{"id":2374,"href":"https:\/\/sensoryroom.pl\/index.php?rest_route=\/wp\/v2\/pages\/25\/revisions\/2374"}],"wp:attachment":[{"href":"https:\/\/sensoryroom.pl\/index.php?rest_route=%2Fwp%2Fv2%2Fmedia&parent=25"}],"curies":[{"name":"wp","href":"https:\/\/api.w.org\/{rel}","templated":true}]}}