{"id":492,"date":"2022-03-04T11:56:31","date_gmt":"2022-03-04T10:56:31","guid":{"rendered":"https:\/\/sensoryroom.pl\/?page_id=492"},"modified":"2026-01-16T13:29:50","modified_gmt":"2026-01-16T12:29:50","slug":"elementor-492","status":"publish","type":"page","link":"https:\/\/sensoryroom.pl\/?page_id=492","title":{"rendered":"SENSOSTREFY"},"content":{"rendered":"\t\t<div data-elementor-type=\"wp-post\" data-elementor-id=\"492\" class=\"elementor elementor-492\">\n\t\t\t\t\t\t<section class=\"elementor-section elementor-top-section elementor-element elementor-element-a811609 elementor-section-boxed elementor-section-height-default elementor-section-height-default\" data-id=\"a811609\" data-element_type=\"section\" data-e-type=\"section\">\n\t\t\t\t\t\t<div class=\"elementor-container elementor-column-gap-default\">\n\t\t\t\t\t<div class=\"elementor-column elementor-col-100 elementor-top-column elementor-element elementor-element-fe2b8dd\" data-id=\"fe2b8dd\" data-element_type=\"column\" data-e-type=\"column\">\n\t\t\t<div class=\"elementor-widget-wrap elementor-element-populated\">\n\t\t\t\t\t\t<section class=\"elementor-section elementor-inner-section elementor-element elementor-element-b4f121c elementor-section-boxed elementor-section-height-default elementor-section-height-default\" data-id=\"b4f121c\" data-element_type=\"section\" data-e-type=\"section\">\n\t\t\t\t\t\t<div class=\"elementor-container elementor-column-gap-default\">\n\t\t\t\t\t<div class=\"elementor-column elementor-col-50 elementor-inner-column elementor-element elementor-element-078d1c9\" data-id=\"078d1c9\" data-element_type=\"column\" data-e-type=\"column\">\n\t\t\t<div class=\"elementor-widget-wrap elementor-element-populated\">\n\t\t\t\t\t\t<div class=\"elementor-element elementor-element-28ba9d9 elementor-position-top elementor-widget elementor-widget-image-box\" data-id=\"28ba9d9\" data-element_type=\"widget\" data-e-type=\"widget\" data-widget_type=\"image-box.default\">\n\t\t\t\t<div class=\"elementor-widget-container\">\n\t\t\t\t\t<div class=\"elementor-image-box-wrapper\"><figure class=\"elementor-image-box-img\"><a href=\"https:\/\/sensoryroom.pl\/?page_id=569\" tabindex=\"-1\"><img fetchpriority=\"high\" decoding=\"async\" width=\"591\" height=\"591\" src=\"https:\/\/sensoryroom.pl\/wp-content\/uploads\/2022\/03\/4.png\" class=\"elementor-animation-grow attachment-full size-full wp-image-498\" alt=\"\" srcset=\"https:\/\/sensoryroom.pl\/wp-content\/uploads\/2022\/03\/4.png 591w, https:\/\/sensoryroom.pl\/wp-content\/uploads\/2022\/03\/4-300x300.png 300w, https:\/\/sensoryroom.pl\/wp-content\/uploads\/2022\/03\/4-150x150.png 150w, https:\/\/sensoryroom.pl\/wp-content\/uploads\/2022\/03\/4-400x400.png 400w, https:\/\/sensoryroom.pl\/wp-content\/uploads\/2022\/03\/4-100x100.png 100w\" sizes=\"(max-width: 591px) 100vw, 591px\" \/><\/a><\/figure><div class=\"elementor-image-box-content\"><h1 class=\"elementor-image-box-title\"><a href=\"https:\/\/sensoryroom.pl\/?page_id=569\">SENSOLAS<\/a><\/h1><\/div><\/div>\t\t\t\t<\/div>\n\t\t\t\t<\/div>\n\t\t\t\t\t<\/div>\n\t\t<\/div>\n\t\t\t\t<div class=\"elementor-column elementor-col-50 elementor-inner-column elementor-element elementor-element-26468d2\" data-id=\"26468d2\" data-element_type=\"column\" data-e-type=\"column\">\n\t\t\t<div class=\"elementor-widget-wrap elementor-element-populated\">\n\t\t\t\t\t\t<div class=\"elementor-element elementor-element-db6f6a1 elementor-position-top elementor-widget elementor-widget-image-box\" data-id=\"db6f6a1\" data-element_type=\"widget\" data-e-type=\"widget\" data-widget_type=\"image-box.default\">\n\t\t\t\t<div class=\"elementor-widget-container\">\n\t\t\t\t\t<div class=\"elementor-image-box-wrapper\"><figure class=\"elementor-image-box-img\"><a href=\"https:\/\/sensoryroom.pl\/?page_id=226\" tabindex=\"-1\"><img decoding=\"async\" width=\"591\" height=\"591\" src=\"https:\/\/sensoryroom.pl\/wp-content\/uploads\/2022\/03\/2.png\" class=\"elementor-animation-grow attachment-full size-full wp-image-499\" alt=\"\" srcset=\"https:\/\/sensoryroom.pl\/wp-content\/uploads\/2022\/03\/2.png 591w, https:\/\/sensoryroom.pl\/wp-content\/uploads\/2022\/03\/2-300x300.png 300w, https:\/\/sensoryroom.pl\/wp-content\/uploads\/2022\/03\/2-150x150.png 150w, https:\/\/sensoryroom.pl\/wp-content\/uploads\/2022\/03\/2-400x400.png 400w, https:\/\/sensoryroom.pl\/wp-content\/uploads\/2022\/03\/2-100x100.png 100w\" sizes=\"(max-width: 591px) 100vw, 591px\" \/><\/a><\/figure><div class=\"elementor-image-box-content\"><h1 class=\"elementor-image-box-title\"><a href=\"https:\/\/sensoryroom.pl\/?page_id=226\">PLANETA LED<\/a><\/h1><\/div><\/div>\t\t\t\t<\/div>\n\t\t\t\t<\/div>\n\t\t\t\t\t<\/div>\n\t\t<\/div>\n\t\t\t\t\t<\/div>\n\t\t<\/section>\n\t\t\t\t<section class=\"elementor-section elementor-inner-section elementor-element elementor-element-0ad6c6f elementor-section-boxed elementor-section-height-default elementor-section-height-default\" data-id=\"0ad6c6f\" data-element_type=\"section\" data-e-type=\"section\">\n\t\t\t\t\t\t<div class=\"elementor-container elementor-column-gap-default\">\n\t\t\t\t\t<div class=\"elementor-column elementor-col-50 elementor-inner-column elementor-element elementor-element-ad9ecb4\" data-id=\"ad9ecb4\" data-element_type=\"column\" data-e-type=\"column\">\n\t\t\t<div class=\"elementor-widget-wrap elementor-element-populated\">\n\t\t\t\t\t\t<div class=\"elementor-element elementor-element-6633058 elementor-position-top elementor-widget elementor-widget-image-box\" data-id=\"6633058\" data-element_type=\"widget\" data-e-type=\"widget\" data-widget_type=\"image-box.default\">\n\t\t\t\t<div class=\"elementor-widget-container\">\n\t\t\t\t\t<div class=\"elementor-image-box-wrapper\"><figure class=\"elementor-image-box-img\"><a href=\"https:\/\/sensoryroom.pl\/?page_id=517\" tabindex=\"-1\"><img decoding=\"async\" width=\"591\" height=\"591\" src=\"https:\/\/sensoryroom.pl\/wp-content\/uploads\/2022\/03\/Projekt-bez-tytulu-1.png\" class=\"elementor-animation-grow attachment-full size-full wp-image-503\" alt=\"\" srcset=\"https:\/\/sensoryroom.pl\/wp-content\/uploads\/2022\/03\/Projekt-bez-tytulu-1.png 591w, https:\/\/sensoryroom.pl\/wp-content\/uploads\/2022\/03\/Projekt-bez-tytulu-1-300x300.png 300w, https:\/\/sensoryroom.pl\/wp-content\/uploads\/2022\/03\/Projekt-bez-tytulu-1-150x150.png 150w, https:\/\/sensoryroom.pl\/wp-content\/uploads\/2022\/03\/Projekt-bez-tytulu-1-400x400.png 400w, https:\/\/sensoryroom.pl\/wp-content\/uploads\/2022\/03\/Projekt-bez-tytulu-1-100x100.png 100w\" sizes=\"(max-width: 591px) 100vw, 591px\" \/><\/a><\/figure><div class=\"elementor-image-box-content\"><h1 class=\"elementor-image-box-title\"><a href=\"https:\/\/sensoryroom.pl\/?page_id=517\">SENSOMIASTO<\/a><\/h1><\/div><\/div>\t\t\t\t<\/div>\n\t\t\t\t<\/div>\n\t\t\t\t\t<\/div>\n\t\t<\/div>\n\t\t\t\t<div class=\"elementor-column elementor-col-50 elementor-inner-column elementor-element elementor-element-aef6e41\" data-id=\"aef6e41\" data-element_type=\"column\" data-e-type=\"column\">\n\t\t\t<div class=\"elementor-widget-wrap elementor-element-populated\">\n\t\t\t\t\t\t<div class=\"elementor-element elementor-element-e3e1b79 elementor-position-top elementor-widget elementor-widget-image-box\" data-id=\"e3e1b79\" data-element_type=\"widget\" data-e-type=\"widget\" data-widget_type=\"image-box.default\">\n\t\t\t\t<div class=\"elementor-widget-container\">\n\t\t\t\t\t<div class=\"elementor-image-box-wrapper\"><figure class=\"elementor-image-box-img\"><a href=\"https:\/\/sensoryroom.pl\/?page_id=597\" tabindex=\"-1\"><img loading=\"lazy\" decoding=\"async\" width=\"591\" height=\"591\" src=\"https:\/\/sensoryroom.pl\/wp-content\/uploads\/2022\/03\/3.png\" class=\"elementor-animation-grow attachment-full size-full wp-image-501\" alt=\"\" srcset=\"https:\/\/sensoryroom.pl\/wp-content\/uploads\/2022\/03\/3.png 591w, https:\/\/sensoryroom.pl\/wp-content\/uploads\/2022\/03\/3-300x300.png 300w, https:\/\/sensoryroom.pl\/wp-content\/uploads\/2022\/03\/3-150x150.png 150w, https:\/\/sensoryroom.pl\/wp-content\/uploads\/2022\/03\/3-400x400.png 400w, https:\/\/sensoryroom.pl\/wp-content\/uploads\/2022\/03\/3-100x100.png 100w\" sizes=\"(max-width: 591px) 100vw, 591px\" \/><\/a><\/figure><div class=\"elementor-image-box-content\"><h1 class=\"elementor-image-box-title\"><a href=\"https:\/\/sensoryroom.pl\/?page_id=597\">SENSOG\u00d3RY<\/a><\/h1><\/div><\/div>\t\t\t\t<\/div>\n\t\t\t\t<\/div>\n\t\t\t\t\t<\/div>\n\t\t<\/div>\n\t\t\t\t\t<\/div>\n\t\t<\/section>\n\t\t\t\t<section class=\"elementor-section elementor-inner-section elementor-element elementor-element-0b5dced elementor-section-boxed elementor-section-height-default elementor-section-height-default\" data-id=\"0b5dced\" data-element_type=\"section\" data-e-type=\"section\">\n\t\t\t\t\t\t<div class=\"elementor-container elementor-column-gap-default\">\n\t\t\t\t\t<div class=\"elementor-column elementor-col-50 elementor-inner-column elementor-element elementor-element-140bc6d\" data-id=\"140bc6d\" data-element_type=\"column\" data-e-type=\"column\">\n\t\t\t<div class=\"elementor-widget-wrap elementor-element-populated\">\n\t\t\t\t\t\t<div class=\"elementor-element elementor-element-880b152 elementor-position-top elementor-widget elementor-widget-image-box\" data-id=\"880b152\" data-element_type=\"widget\" data-e-type=\"widget\" data-widget_type=\"image-box.default\">\n\t\t\t\t<div class=\"elementor-widget-container\">\n\t\t\t\t\t<div class=\"elementor-image-box-wrapper\"><figure class=\"elementor-image-box-img\"><a href=\"https:\/\/sensoryroom.pl\/?page_id=1067\" tabindex=\"-1\"><img loading=\"lazy\" decoding=\"async\" width=\"591\" height=\"591\" src=\"https:\/\/sensoryroom.pl\/wp-content\/uploads\/2022\/04\/Projekt-bez-tytulu-5.png\" class=\"elementor-animation-grow attachment-full size-full wp-image-716\" alt=\"\" srcset=\"https:\/\/sensoryroom.pl\/wp-content\/uploads\/2022\/04\/Projekt-bez-tytulu-5.png 591w, https:\/\/sensoryroom.pl\/wp-content\/uploads\/2022\/04\/Projekt-bez-tytulu-5-300x300.png 300w, https:\/\/sensoryroom.pl\/wp-content\/uploads\/2022\/04\/Projekt-bez-tytulu-5-150x150.png 150w, https:\/\/sensoryroom.pl\/wp-content\/uploads\/2022\/04\/Projekt-bez-tytulu-5-400x400.png 400w, https:\/\/sensoryroom.pl\/wp-content\/uploads\/2022\/04\/Projekt-bez-tytulu-5-100x100.png 100w\" sizes=\"(max-width: 591px) 100vw, 591px\" \/><\/a><\/figure><div class=\"elementor-image-box-content\"><h1 class=\"elementor-image-box-title\"><a href=\"https:\/\/sensoryroom.pl\/?page_id=1067\">SENSOSTUDIO<\/a><\/h1><\/div><\/div>\t\t\t\t<\/div>\n\t\t\t\t<\/div>\n\t\t\t\t\t<\/div>\n\t\t<\/div>\n\t\t\t\t<div class=\"elementor-column elementor-col-50 elementor-inner-column elementor-element elementor-element-a55e1e7\" data-id=\"a55e1e7\" data-element_type=\"column\" data-e-type=\"column\">\n\t\t\t<div class=\"elementor-widget-wrap elementor-element-populated\">\n\t\t\t\t\t\t<div class=\"elementor-element elementor-element-495b38c elementor-position-top elementor-widget elementor-widget-image-box\" data-id=\"495b38c\" data-element_type=\"widget\" data-e-type=\"widget\" data-widget_type=\"image-box.default\">\n\t\t\t\t<div class=\"elementor-widget-container\">\n\t\t\t\t\t<div class=\"elementor-image-box-wrapper\"><figure class=\"elementor-image-box-img\"><a href=\"https:\/\/sensoryroom.pl\/?page_id=874\" tabindex=\"-1\"><img loading=\"lazy\" decoding=\"async\" width=\"591\" height=\"591\" src=\"https:\/\/sensoryroom.pl\/wp-content\/uploads\/2022\/04\/Projekt-bez-tytulu-5-1.png\" class=\"elementor-animation-grow attachment-full size-full wp-image-896\" alt=\"\" srcset=\"https:\/\/sensoryroom.pl\/wp-content\/uploads\/2022\/04\/Projekt-bez-tytulu-5-1.png 591w, https:\/\/sensoryroom.pl\/wp-content\/uploads\/2022\/04\/Projekt-bez-tytulu-5-1-300x300.png 300w, https:\/\/sensoryroom.pl\/wp-content\/uploads\/2022\/04\/Projekt-bez-tytulu-5-1-150x150.png 150w, https:\/\/sensoryroom.pl\/wp-content\/uploads\/2022\/04\/Projekt-bez-tytulu-5-1-400x400.png 400w, https:\/\/sensoryroom.pl\/wp-content\/uploads\/2022\/04\/Projekt-bez-tytulu-5-1-100x100.png 100w\" sizes=\"(max-width: 591px) 100vw, 591px\" \/><\/a><\/figure><div class=\"elementor-image-box-content\"><h1 class=\"elementor-image-box-title\"><a href=\"https:\/\/sensoryroom.pl\/?page_id=874\">T\u0118CZOWA KRYJ\u00d3WKA<\/a><\/h1><\/div><\/div>\t\t\t\t<\/div>\n\t\t\t\t<\/div>\n\t\t\t\t\t<\/div>\n\t\t<\/div>\n\t\t\t\t\t<\/div>\n\t\t<\/section>\n\t\t\t\t<section class=\"elementor-section elementor-inner-section elementor-element elementor-element-b3e150a elementor-section-boxed elementor-section-height-default elementor-section-height-default\" data-id=\"b3e150a\" data-element_type=\"section\" data-e-type=\"section\">\n\t\t\t\t\t\t<div class=\"elementor-container elementor-column-gap-default\">\n\t\t\t\t\t<div class=\"elementor-column elementor-col-50 elementor-inner-column elementor-element elementor-element-dac8f14\" data-id=\"dac8f14\" data-element_type=\"column\" data-e-type=\"column\">\n\t\t\t<div class=\"elementor-widget-wrap elementor-element-populated\">\n\t\t\t\t\t\t<div class=\"elementor-element elementor-element-b2ad17b elementor-position-top elementor-widget elementor-widget-image-box\" data-id=\"b2ad17b\" data-element_type=\"widget\" data-e-type=\"widget\" data-widget_type=\"image-box.default\">\n\t\t\t\t<div class=\"elementor-widget-container\">\n\t\t\t\t\t<div class=\"elementor-image-box-wrapper\"><figure class=\"elementor-image-box-img\"><a href=\"https:\/\/sensoryroom.pl\/?page_id=1056\" tabindex=\"-1\"><img loading=\"lazy\" decoding=\"async\" width=\"295\" height=\"295\" src=\"https:\/\/sensoryroom.pl\/wp-content\/uploads\/2022\/06\/Projekt-bez-tytulu-6.png\" class=\"elementor-animation-grow attachment-full size-full wp-image-1059\" alt=\"\" srcset=\"https:\/\/sensoryroom.pl\/wp-content\/uploads\/2022\/06\/Projekt-bez-tytulu-6.png 295w, https:\/\/sensoryroom.pl\/wp-content\/uploads\/2022\/06\/Projekt-bez-tytulu-6-150x150.png 150w, https:\/\/sensoryroom.pl\/wp-content\/uploads\/2022\/06\/Projekt-bez-tytulu-6-100x100.png 100w\" sizes=\"(max-width: 295px) 100vw, 295px\" \/><\/a><\/figure><div class=\"elementor-image-box-content\"><h1 class=\"elementor-image-box-title\"><a href=\"https:\/\/sensoryroom.pl\/?page_id=1056\">KAWIARNIA<\/a><\/h1><\/div><\/div>\t\t\t\t<\/div>\n\t\t\t\t<\/div>\n\t\t\t\t\t<\/div>\n\t\t<\/div>\n\t\t\t\t<div class=\"elementor-column elementor-col-50 elementor-inner-column elementor-element elementor-element-0ff14cc\" data-id=\"0ff14cc\" data-element_type=\"column\" data-e-type=\"column\">\n\t\t\t<div class=\"elementor-widget-wrap elementor-element-populated\">\n\t\t\t\t\t\t\t<\/div>\n\t\t<\/div>\n\t\t\t\t\t<\/div>\n\t\t<\/section>\n\t\t\t\t\t<\/div>\n\t\t<\/div>\n\t\t\t\t\t<\/div>\n\t\t<\/section>\n\t\t\t\t<\/div>\n\t\t","protected":false},"excerpt":{"rendered":"<p>SENSOLAS PLANETA LED SENSOMIASTO SENSOG\u00d3RY SENSOSTUDIO T\u0118CZOWA KRYJ\u00d3WKA KAWIARNIA<\/p>\n","protected":false},"author":1,"featured_media":0,"parent":0,"menu_order":0,"comment_status":"closed","ping_status":"closed","template":"","meta":{"_editorskit_title_hidden":false,"_editorskit_reading_time":0,"_editorskit_is_block_options_detached":false,"_editorskit_block_options_position":"{}","footnotes":""},"class_list":["post-492","page","type-page","status-publish","hentry"],"_links":{"self":[{"href":"https:\/\/sensoryroom.pl\/index.php?rest_route=\/wp\/v2\/pages\/492","targetHints":{"allow":["GET"]}}],"collection":[{"href":"https:\/\/sensoryroom.pl\/index.php?rest_route=\/wp\/v2\/pages"}],"about":[{"href":"https:\/\/sensoryroom.pl\/index.php?rest_route=\/wp\/v2\/types\/page"}],"author":[{"embeddable":true,"href":"https:\/\/sensoryroom.pl\/index.php?rest_route=\/wp\/v2\/users\/1"}],"replies":[{"embeddable":true,"href":"https:\/\/sensoryroom.pl\/index.php?rest_route=%2Fwp%2Fv2%2Fcomments&post=492"}],"version-history":[{"count":62,"href":"https:\/\/sensoryroom.pl\/index.php?rest_route=\/wp\/v2\/pages\/492\/revisions"}],"predecessor-version":[{"id":2485,"href":"https:\/\/sensoryroom.pl\/index.php?rest_route=\/wp\/v2\/pages\/492\/revisions\/2485"}],"wp:attachment":[{"href":"https:\/\/sensoryroom.pl\/index.php?rest_route=%2Fwp%2Fv2%2Fmedia&parent=492"}],"curies":[{"name":"wp","href":"https:\/\/api.w.org\/{rel}","templated":true}]}}